{"id":333,"date":"2022-09-27T13:10:58","date_gmt":"2022-09-27T11:10:58","guid":{"rendered":"https:\/\/www.cafe-creed.com\/tristoon\/?page_id=333"},"modified":"2024-03-22T18:56:08","modified_gmt":"2024-03-22T17:56:08","slug":"bulby-crunch","status":"publish","type":"page","link":"https:\/\/www.cafe-creed.com\/tristoon\/bulby-crunch\/","title":{"rendered":"Bulby Crunch !"},"content":{"rendered":"\n<h1 class=\"wp-block-heading has-text-align-center\" style=\"font-size:30px;letter-spacing:2px\"><mark style=\"background-color:rgba(0, 0, 0, 0)\" class=\"has-inline-color has-pale-pink-color\"><em><strong>\u00ab\u00a0G\u00e9no Mix\u00a0\u00bb<\/strong><\/em><\/mark><\/h1>\n\n\n\n<div style=\"height:15px\" aria-hidden=\"true\" class=\"wp-block-spacer\"><\/div>\n\n\n\n<hr class=\"wp-block-separator has-text-color has-pale-pink-color has-alpha-channel-opacity has-pale-pink-background-color has-background is-style-wide\"\/>\n\n\n\n<div style=\"height:20px\" aria-hidden=\"true\" class=\"wp-block-spacer\"><\/div>\n\n\n<div class=\"wp-block-image\">\n<figure class=\"aligncenter size-full\"><img loading=\"lazy\" decoding=\"async\" width=\"563\" height=\"655\" src=\"https:\/\/www.cafe-creed.com\/tristoon\/wp-content\/uploads\/2022\/10\/BC-T1-Couve.jpg\" alt=\"\" class=\"wp-image-1607\" srcset=\"https:\/\/www.cafe-creed.com\/tristoon\/wp-content\/uploads\/2022\/10\/BC-T1-Couve.jpg 563w, https:\/\/www.cafe-creed.com\/tristoon\/wp-content\/uploads\/2022\/10\/BC-T1-Couve-301x350.jpg 301w\" sizes=\"auto, (max-width: 563px) 100vw, 563px\" \/><\/figure>\n<\/div>\n\n\n<div style=\"height:80px\" aria-hidden=\"true\" class=\"wp-block-spacer\"><\/div>\n\n\n\n<hr class=\"wp-block-separator aligncenter has-text-color has-pale-pink-color has-alpha-channel-opacity has-pale-pink-background-color has-background is-style-default\"\/>\n\n\n\n<div style=\"height:100px\" aria-hidden=\"true\" class=\"wp-block-spacer\"><\/div>\n\n\n\n<div class=\"wp-block-media-text alignwide has-media-on-the-right is-stacked-on-mobile is-vertically-aligned-center\"><div class=\"wp-block-media-text__content\">\n<p><\/p>\n\n\n\n<p class=\"has-drop-cap has-text-align-left\" style=\"font-size:19px;letter-spacing:1px;line-height:1.3\"><mark style=\"background-color:rgba(0, 0, 0, 0)\" class=\"has-inline-color has-pale-pink-color\">Le vif et sympathique Sonny Bounce nous entra\u00eene dans une aventure cosmo-bizarro\u00efde : simple turbo-livreur de pizzas \u00e0 Chpounville, Sonny est victime d\u2019une collision avec un N\u00fck-N\u00fck, le tout dernier-n\u00e9<\/mark> <mark style=\"background-color:rgba(0, 0, 0, 0)\" class=\"has-inline-color has-pale-pink-color\">de Robot-Lab Industrie et va alors vivre un tourbillon d\u2019exp\u00e9riences \u00e9tranges dont  il sortira \u00e0 jamais transmut\u00e9.<\/mark><br><\/p>\n<\/div><figure class=\"wp-block-media-text__media\"><img loading=\"lazy\" decoding=\"async\" width=\"300\" height=\"300\" src=\"https:\/\/www.cafe-creed.com\/tristoon\/wp-content\/uploads\/2022\/11\/BCT1-01.png\" alt=\"\" class=\"wp-image-1964 size-full\" srcset=\"https:\/\/www.cafe-creed.com\/tristoon\/wp-content\/uploads\/2022\/11\/BCT1-01.png 300w, https:\/\/www.cafe-creed.com\/tristoon\/wp-content\/uploads\/2022\/11\/BCT1-01-150x150.png 150w, https:\/\/www.cafe-creed.com\/tristoon\/wp-content\/uploads\/2022\/11\/BCT1-01-100x100.png 100w\" sizes=\"auto, (max-width: 300px) 100vw, 300px\" \/><\/figure><\/div>\n\n\n\n<div style=\"height:100px\" aria-hidden=\"true\" class=\"wp-block-spacer\"><\/div>\n\n\n<div class=\"wp-block-image\">\n<figure class=\"aligncenter size-full\"><img loading=\"lazy\" decoding=\"async\" width=\"563\" height=\"685\" src=\"https:\/\/www.cafe-creed.com\/tristoon\/wp-content\/uploads\/2022\/10\/BC-T1-02.jpg\" alt=\"\" class=\"wp-image-1611\" style=\"object-fit:cover\" srcset=\"https:\/\/www.cafe-creed.com\/tristoon\/wp-content\/uploads\/2022\/10\/BC-T1-02.jpg 563w, https:\/\/www.cafe-creed.com\/tristoon\/wp-content\/uploads\/2022\/10\/BC-T1-02-288x350.jpg 288w\" sizes=\"auto, (max-width: 563px) 100vw, 563px\" \/><\/figure>\n<\/div>\n\n\n<div style=\"height:50px\" aria-hidden=\"true\" class=\"wp-block-spacer\"><\/div>\n\n\n<div class=\"wp-block-image\">\n<figure class=\"aligncenter size-full\"><img loading=\"lazy\" decoding=\"async\" width=\"563\" height=\"685\" src=\"https:\/\/www.cafe-creed.com\/tristoon\/wp-content\/uploads\/2022\/10\/BC-T1-03.jpg\" alt=\"\" class=\"wp-image-1612\" style=\"object-fit:cover\" srcset=\"https:\/\/www.cafe-creed.com\/tristoon\/wp-content\/uploads\/2022\/10\/BC-T1-03.jpg 563w, https:\/\/www.cafe-creed.com\/tristoon\/wp-content\/uploads\/2022\/10\/BC-T1-03-288x350.jpg 288w\" sizes=\"auto, (max-width: 563px) 100vw, 563px\" \/><\/figure>\n<\/div>\n\n\n<div style=\"height:50px\" aria-hidden=\"true\" class=\"wp-block-spacer\"><\/div>\n\n\n<div class=\"wp-block-image\">\n<figure class=\"aligncenter size-full\"><img loading=\"lazy\" decoding=\"async\" width=\"563\" height=\"685\" src=\"https:\/\/www.cafe-creed.com\/tristoon\/wp-content\/uploads\/2022\/10\/BC-T1-04.jpg\" alt=\"\" class=\"wp-image-1616\" srcset=\"https:\/\/www.cafe-creed.com\/tristoon\/wp-content\/uploads\/2022\/10\/BC-T1-04.jpg 563w, https:\/\/www.cafe-creed.com\/tristoon\/wp-content\/uploads\/2022\/10\/BC-T1-04-288x350.jpg 288w\" sizes=\"auto, (max-width: 563px) 100vw, 563px\" \/><\/figure>\n<\/div>\n\n\n<div style=\"height:100px\" aria-hidden=\"true\" class=\"wp-block-spacer\"><\/div>\n\n\n\n<h1 class=\"wp-block-heading has-text-align-center\" style=\"font-size:30px;letter-spacing:2px\"><mark style=\"background-color:rgba(0, 0, 0, 0)\" class=\"has-inline-color has-luminous-vivid-orange-color\"><em><strong>\u00ab\u00a0Nano Bug\u00a0\u00bb<\/strong><\/em><\/mark><\/h1>\n\n\n\n<div style=\"height:15px\" aria-hidden=\"true\" class=\"wp-block-spacer\"><\/div>\n\n\n\n<hr class=\"wp-block-separator has-text-color has-luminous-vivid-orange-color has-alpha-channel-opacity has-luminous-vivid-orange-background-color has-background is-style-wide\"\/>\n\n\n\n<div style=\"height:20px\" aria-hidden=\"true\" class=\"wp-block-spacer\"><\/div>\n\n\n<div class=\"wp-block-image\">\n<figure class=\"aligncenter size-full\"><img loading=\"lazy\" decoding=\"async\" width=\"563\" height=\"655\" src=\"https:\/\/www.cafe-creed.com\/tristoon\/wp-content\/uploads\/2024\/02\/BC-T2-Couve-2.jpg\" alt=\"\" class=\"wp-image-2070\" srcset=\"https:\/\/www.cafe-creed.com\/tristoon\/wp-content\/uploads\/2024\/02\/BC-T2-Couve-2.jpg 563w, https:\/\/www.cafe-creed.com\/tristoon\/wp-content\/uploads\/2024\/02\/BC-T2-Couve-2-301x350.jpg 301w\" sizes=\"auto, (max-width: 563px) 100vw, 563px\" \/><\/figure>\n<\/div>\n\n\n<div style=\"height:80px\" aria-hidden=\"true\" class=\"wp-block-spacer\"><\/div>\n\n\n\n<hr class=\"wp-block-separator has-text-color has-luminous-vivid-orange-color has-alpha-channel-opacity has-luminous-vivid-orange-background-color has-background\"\/>\n\n\n\n<div style=\"height:100px\" aria-hidden=\"true\" class=\"wp-block-spacer\"><\/div>\n\n\n\n<div class=\"wp-block-media-text alignwide has-media-on-the-right is-stacked-on-mobile\"><div class=\"wp-block-media-text__content\">\n<p><\/p>\n\n\n\n<p class=\"has-drop-cap\" style=\"font-size:19px;letter-spacing:1px;line-height:1.3\"><mark style=\"background-color:rgba(0, 0, 0, 0)\" class=\"has-inline-color has-luminous-vivid-orange-color\">Second\u00e9 du Supr\u00eame Pudding Man, la mascotte g\u00e9latin\u00e9e des p\u2019tits d\u00e8j sur-vitamin\u00e9s, notre spatio-d\u00e9tective, Sonny Bounce s\u2019envole pour sa premi\u00e8re mission : sauver Chpounville !! D\u00e9j\u00e0 les syst\u00e8mes d\u00e9faillent, les programmes d\u00e9raillent, les robots se rebiffent\u2026 Mais \u00e0 qui profite le bug\u2026? Sonny devra stopper la menace virale \u00e0 la source s\u2019il veut vaincre le chaos \u00e9lectronique.<\/mark><\/p>\n<\/div><figure class=\"wp-block-media-text__media\"><img loading=\"lazy\" decoding=\"async\" width=\"300\" height=\"300\" src=\"https:\/\/www.cafe-creed.com\/tristoon\/wp-content\/uploads\/2022\/11\/BCT2-01.png\" alt=\"\" class=\"wp-image-1965 size-full\" srcset=\"https:\/\/www.cafe-creed.com\/tristoon\/wp-content\/uploads\/2022\/11\/BCT2-01.png 300w, https:\/\/www.cafe-creed.com\/tristoon\/wp-content\/uploads\/2022\/11\/BCT2-01-150x150.png 150w, https:\/\/www.cafe-creed.com\/tristoon\/wp-content\/uploads\/2022\/11\/BCT2-01-100x100.png 100w\" sizes=\"auto, (max-width: 300px) 100vw, 300px\" \/><\/figure><\/div>\n\n\n\n<div style=\"height:100px\" aria-hidden=\"true\" class=\"wp-block-spacer\"><\/div>\n\n\n<div class=\"wp-block-image\">\n<figure class=\"aligncenter size-full\"><img loading=\"lazy\" decoding=\"async\" width=\"563\" height=\"685\" src=\"https:\/\/www.cafe-creed.com\/tristoon\/wp-content\/uploads\/2022\/10\/BC-T2-01.jpg\" alt=\"\" class=\"wp-image-1620\" srcset=\"https:\/\/www.cafe-creed.com\/tristoon\/wp-content\/uploads\/2022\/10\/BC-T2-01.jpg 563w, https:\/\/www.cafe-creed.com\/tristoon\/wp-content\/uploads\/2022\/10\/BC-T2-01-288x350.jpg 288w\" sizes=\"auto, (max-width: 563px) 100vw, 563px\" \/><\/figure>\n<\/div>\n\n\n<div style=\"height:50px\" aria-hidden=\"true\" class=\"wp-block-spacer\"><\/div>\n\n\n<div class=\"wp-block-image\">\n<figure class=\"aligncenter size-full\"><img loading=\"lazy\" decoding=\"async\" width=\"563\" height=\"681\" src=\"https:\/\/www.cafe-creed.com\/tristoon\/wp-content\/uploads\/2022\/10\/BC-T2-02.jpg\" alt=\"\" class=\"wp-image-1624\" style=\"object-fit:cover\" srcset=\"https:\/\/www.cafe-creed.com\/tristoon\/wp-content\/uploads\/2022\/10\/BC-T2-02.jpg 563w, https:\/\/www.cafe-creed.com\/tristoon\/wp-content\/uploads\/2022\/10\/BC-T2-02-289x350.jpg 289w\" sizes=\"auto, (max-width: 563px) 100vw, 563px\" \/><\/figure>\n<\/div>\n\n\n<div style=\"height:50px\" aria-hidden=\"true\" class=\"wp-block-spacer\"><\/div>\n\n\n<div class=\"wp-block-image\">\n<figure class=\"aligncenter size-full\"><img loading=\"lazy\" decoding=\"async\" width=\"563\" height=\"685\" src=\"https:\/\/www.cafe-creed.com\/tristoon\/wp-content\/uploads\/2022\/10\/BC-T2-03.jpg\" alt=\"\" class=\"wp-image-1622\" srcset=\"https:\/\/www.cafe-creed.com\/tristoon\/wp-content\/uploads\/2022\/10\/BC-T2-03.jpg 563w, https:\/\/www.cafe-creed.com\/tristoon\/wp-content\/uploads\/2022\/10\/BC-T2-03-288x350.jpg 288w\" sizes=\"auto, (max-width: 563px) 100vw, 563px\" \/><\/figure>\n<\/div>\n\n\n<div style=\"height:100px\" aria-hidden=\"true\" class=\"wp-block-spacer\"><\/div>\n\n\n\n<h1 class=\"wp-block-heading has-text-align-center has-vivid-cyan-blue-color has-text-color\" style=\"font-size:30px;letter-spacing:2px\"><em><strong>\u00ab\u00a0Cata Tronic\u00a0\u00bb<\/strong><\/em><\/h1>\n\n\n\n<div style=\"height:15px\" aria-hidden=\"true\" class=\"wp-block-spacer\"><\/div>\n\n\n\n<hr class=\"wp-block-separator has-text-color has-vivid-cyan-blue-color has-alpha-channel-opacity has-vivid-cyan-blue-background-color has-background is-style-wide\"\/>\n\n\n\n<div style=\"height:20px\" aria-hidden=\"true\" class=\"wp-block-spacer\"><\/div>\n\n\n<div class=\"wp-block-image\">\n<figure class=\"aligncenter size-full\"><img loading=\"lazy\" decoding=\"async\" width=\"563\" height=\"655\" src=\"https:\/\/www.cafe-creed.com\/tristoon\/wp-content\/uploads\/2022\/10\/BC-T3-Couve.jpg\" alt=\"\" class=\"wp-image-1629\" srcset=\"https:\/\/www.cafe-creed.com\/tristoon\/wp-content\/uploads\/2022\/10\/BC-T3-Couve.jpg 563w, https:\/\/www.cafe-creed.com\/tristoon\/wp-content\/uploads\/2022\/10\/BC-T3-Couve-301x350.jpg 301w\" sizes=\"auto, (max-width: 563px) 100vw, 563px\" \/><\/figure>\n<\/div>\n\n\n<div style=\"height:80px\" aria-hidden=\"true\" class=\"wp-block-spacer\"><\/div>\n\n\n\n<hr class=\"wp-block-separator has-text-color has-vivid-cyan-blue-color has-alpha-channel-opacity has-vivid-cyan-blue-background-color has-background\"\/>\n\n\n\n<div style=\"height:50px\" aria-hidden=\"true\" class=\"wp-block-spacer\"><\/div>\n\n\n\n<div class=\"wp-block-media-text alignwide has-media-on-the-right is-stacked-on-mobile\"><div class=\"wp-block-media-text__content\">\n<p><\/p>\n\n\n\n<p class=\"has-drop-cap\" style=\"font-size:19px;letter-spacing:1px;line-height:1.3\"><mark style=\"background-color:rgba(0, 0, 0, 0)\" class=\"has-inline-color has-vivid-cyan-blue-color\">Tomb\u00e9 sous le contr\u00f4le du despote Professeur Zo\u00efde, Sonny Bounce s\u2019appr\u00eate \u00e0 commettre l&rsquo;irr\u00e9parable. Pour contrecarrer ce pi\u00e8ge diabolique, notre h\u00e9ros aura besoin de l&rsquo;aide de tous ses alli\u00e9s. Du labyrinthe num\u00e9rique aux profondeurs microbiennes, le jeune humano\u00efde n&rsquo;a pas fini de s&rsquo;aventurer dans des mondes parall\u00e8les.<\/mark><\/p>\n<\/div><figure class=\"wp-block-media-text__media\"><img loading=\"lazy\" decoding=\"async\" width=\"300\" height=\"300\" src=\"https:\/\/www.cafe-creed.com\/tristoon\/wp-content\/uploads\/2022\/11\/BCT3-01.png\" alt=\"\" class=\"wp-image-1966 size-full\" srcset=\"https:\/\/www.cafe-creed.com\/tristoon\/wp-content\/uploads\/2022\/11\/BCT3-01.png 300w, https:\/\/www.cafe-creed.com\/tristoon\/wp-content\/uploads\/2022\/11\/BCT3-01-150x150.png 150w, https:\/\/www.cafe-creed.com\/tristoon\/wp-content\/uploads\/2022\/11\/BCT3-01-100x100.png 100w\" sizes=\"auto, (max-width: 300px) 100vw, 300px\" \/><\/figure><\/div>\n\n\n\n<div style=\"height:50px\" aria-hidden=\"true\" class=\"wp-block-spacer\"><\/div>\n\n\n\n<hr class=\"wp-block-separator has-text-color has-vivid-cyan-blue-color has-alpha-channel-opacity has-vivid-cyan-blue-background-color has-background\"\/>\n","protected":false},"excerpt":{"rendered":"<p>\u00ab\u00a0G\u00e9no Mix\u00a0\u00bb Le vif et sympathique Sonny Bounce nous entra\u00eene dans une aventure cosmo-bizarro\u00efde : simple turbo-livreur de pizzas \u00e0 Chpounville, Sonny est victime d\u2019une collision avec un N\u00fck-N\u00fck, le tout dernier-n\u00e9 de Robot-Lab Industrie et va alors vivre un tourbillon d\u2019exp\u00e9riences \u00e9tranges dont il sortira \u00e0 jamais transmut\u00e9. \u00ab\u00a0Nano Bug\u00a0\u00bb Second\u00e9 du Supr\u00eame Pudding &hellip; <\/p>\n<p class=\"link-more\"><a href=\"https:\/\/www.cafe-creed.com\/tristoon\/bulby-crunch\/\" class=\"more-link\">Continuer la lecture<span class=\"screen-reader-text\"> de &laquo;&nbsp;Bulby Crunch !&nbsp;&raquo;<\/span><\/a><\/p>\n","protected":false},"author":1,"featured_media":0,"parent":0,"menu_order":0,"comment_status":"closed","ping_status":"closed","template":"","meta":{"footnotes":""},"class_list":["post-333","page","type-page","status-publish","hentry"],"_links":{"self":[{"href":"https:\/\/www.cafe-creed.com\/tristoon\/wp-json\/wp\/v2\/pages\/333","targetHints":{"allow":["GET"]}}],"collection":[{"href":"https:\/\/www.cafe-creed.com\/tristoon\/wp-json\/wp\/v2\/pages"}],"about":[{"href":"https:\/\/www.cafe-creed.com\/tristoon\/wp-json\/wp\/v2\/types\/page"}],"author":[{"embeddable":true,"href":"https:\/\/www.cafe-creed.com\/tristoon\/wp-json\/wp\/v2\/users\/1"}],"replies":[{"embeddable":true,"href":"https:\/\/www.cafe-creed.com\/tristoon\/wp-json\/wp\/v2\/comments?post=333"}],"version-history":[{"count":82,"href":"https:\/\/www.cafe-creed.com\/tristoon\/wp-json\/wp\/v2\/pages\/333\/revisions"}],"predecessor-version":[{"id":2115,"href":"https:\/\/www.cafe-creed.com\/tristoon\/wp-json\/wp\/v2\/pages\/333\/revisions\/2115"}],"wp:attachment":[{"href":"https:\/\/www.cafe-creed.com\/tristoon\/wp-json\/wp\/v2\/media?parent=333"}],"curies":[{"name":"wp","href":"https:\/\/api.w.org\/{rel}","templated":true}]}}